{"id":385,"date":"2023-04-11T10:39:15","date_gmt":"2023-04-11T10:39:15","guid":{"rendered":"https:\/\/mariettarestaurante.com\/?page_id=385"},"modified":"2026-05-13T13:23:51","modified_gmt":"2026-05-13T13:23:51","slug":"pasta","status":"publish","type":"page","link":"https:\/\/mariettarestaurante.com\/es\/pasta\/","title":{"rendered":"Pasta"},"content":{"rendered":"<section class=\"l-section wpb_row us_custom_de67d1db height_medium width_full\"><div class=\"l-section-h i-cf\"><div class=\"g-cols vc_row via_grid cols_1 laptops-cols_inherit tablets-cols_inherit mobiles-cols_1 valign_top type_default stacking_default\"><div class=\"wpb_column vc_column_container\"><div class=\"vc_column-inner\">[vc_custom_heading text=\u00bbMEN\u00da\u00bb font_container=\u00bbtag:div|text_align:left\u00bb use_theme_fonts=\u00bbyes\u00bb css=\u00bb%7B%22default%22%3A%7B%22text-align%22%3A%22center%22%2C%22font-size%22%3A%220.8rem%22%2C%22text-transform%22%3A%22uppercase%22%2C%22animation-name%22%3A%22fade%22%2C%22animation-delay%22%3A%220.5s%22%7D%7D\u00bb][vc_custom_heading text=\u00bbPASTA\u00bb font_container=\u00bbtag:h2|text_align:center\u00bb use_theme_fonts=\u00bbyes\u00bb css=\u00bb%7B%22default%22%3A%7B%22color%22%3A%22%23333333%22%2C%22animation-name%22%3A%22fade%22%2C%22animation-delay%22%3A%220.5s%22%7D%7D\u00bb]<div class=\"w-image us_custom_f1a4f275 us_animate_this align_center\"><div class=\"w-image-h\"><img loading=\"lazy\" decoding=\"async\" width=\"116\" height=\"5\" src=\"https:\/\/mariettarestaurante.com\/wp-content\/uploads\/2022\/12\/separador.png\" class=\"attachment-full size-full\" alt=\"separador\" \/><\/div><\/div><\/div><\/div><\/div><\/div><\/section><section class=\"l-section wpb_row height_auto\"><div class=\"l-section-h i-cf\"><div class=\"g-cols vc_row via_grid cols_1 laptops-cols_inherit tablets-cols_inherit mobiles-cols_1 valign_top type_default stacking_default\"><div class=\"wpb_column vc_column_container\"><div class=\"vc_column-inner\"><div class=\"w-tabs style_default switch_click accordion has_scrolling\" style=\"--sections-title-size:inherit\"><div class=\"w-tabs-sections titles-align_none icon_chevron cpos_right\"><div class=\"w-tabs-section active\" id=\"f269\"><button class=\"w-tabs-section-header active with_icon\" aria-controls=\"content-f269\" aria-expanded=\"true\"><i class=\"material-icons\">dinner_dining<\/i><div class=\"w-tabs-section-title\">PASTA<\/div><div class=\"w-tabs-section-control\"><\/div><\/button><div  class=\"w-tabs-section-content\" id=\"content-f269\"><div class=\"w-tabs-section-content-h i-cf\"><div class=\"g-cols wpb_row via_grid cols_2 laptops-cols_inherit tablets-cols_inherit mobiles-cols_1 valign_top type_default stacking_default\"><div class=\"wpb_column vc_column_container\"><div class=\"vc_column-inner\"><div class=\"w-vwrapper align_none valign_top\"><div class=\"wpb_text_column\"><div class=\"wpb_wrapper\"><h4>45- Spaghetti a la bolo\u00f1esa<\/h4>\n<p>Con rag\u00fa de carne.<\/p>\n<\/div><\/div><div class=\"w-separator size_medium\"><\/div><\/div><\/div><\/div><div class=\"wpb_column vc_column_container\"><div class=\"vc_column-inner\"><div class=\"w-vwrapper align_none valign_top\"><div class=\"wpb_text_column\"><div class=\"wpb_wrapper\"><h4>46- Spaghetti alla Carbonara<\/h4>\n<p>Cl\u00e1sica carbonara con guanciale.<\/p>\n<\/div><\/div><div class=\"w-separator size_medium\"><\/div><\/div><\/div><\/div><\/div><div class=\"g-cols wpb_row via_grid cols_2 laptops-cols_inherit tablets-cols_inherit mobiles-cols_1 valign_top type_default stacking_default\"><div class=\"wpb_column vc_column_container\"><div class=\"vc_column-inner\"><div class=\"w-vwrapper align_none valign_top\"><div class=\"wpb_text_column\"><div class=\"wpb_wrapper\"><h4>47- Spaghetti alla napolitana<\/h4>\n<p>Salteado con ajo, salsa napolitana.<\/p>\n<\/div><\/div><div class=\"w-separator size_medium\"><\/div><\/div><\/div><\/div><div class=\"wpb_column vc_column_container\"><div class=\"vc_column-inner\"><div class=\"w-vwrapper align_none valign_top\"><div class=\"wpb_text_column\"><div class=\"wpb_wrapper\"><h4>48- Spaghetti frutti di mare<\/h4>\n<p>Con mejillones, gambas, almejas, dorado, salsa de tomate y fum\u00e9 de pescado.<\/p>\n<\/div><\/div><div class=\"w-separator size_medium\"><\/div><\/div><\/div><\/div><\/div><div class=\"g-cols wpb_row via_grid cols_2 laptops-cols_inherit tablets-cols_inherit mobiles-cols_1 valign_top type_default stacking_default\"><div class=\"wpb_column vc_column_container\"><div class=\"vc_column-inner\"><div class=\"w-vwrapper align_none valign_top\"><div class=\"wpb_text_column\"><div class=\"wpb_wrapper\"><h4>49- Spaghetti alle vongole<\/h4>\n<p>Con almejas frescas (seg\u00fan mercado).<\/p>\n<\/div><\/div><div class=\"w-separator size_medium\"><\/div><\/div><\/div><\/div><div class=\"wpb_column vc_column_container\"><div class=\"vc_column-inner\"><div class=\"w-vwrapper align_none valign_top\"><div class=\"wpb_text_column\"><div class=\"wpb_wrapper\"><h4>50- Spaghetti con bogavante<\/h4>\n<p>Con sofrito de ajo, cebollino, apio, tomate, concentrado de tomate, perejil, albahaca, chili rojo y fum\u00e9.<\/p>\n<\/div><\/div><div class=\"w-separator size_medium\"><\/div><\/div><\/div><\/div><\/div><div class=\"g-cols wpb_row via_grid cols_2 laptops-cols_inherit tablets-cols_inherit mobiles-cols_1 valign_top type_default stacking_default\"><div class=\"wpb_column vc_column_container\"><div class=\"vc_column-inner\"><div class=\"w-vwrapper align_none valign_top\"><div class=\"wpb_text_column\"><div class=\"wpb_wrapper\"><h4>51- Tagliatelle con rag\u00fa de rabo de toro<\/h4>\n<\/div><\/div><div class=\"w-separator size_medium\"><\/div><\/div><\/div><\/div><div class=\"wpb_column vc_column_container\"><div class=\"vc_column-inner\"><div class=\"w-vwrapper align_none valign_top\"><div class=\"wpb_text_column\"><div class=\"wpb_wrapper\"><h4>52- Tagliatelle con boletus y setas silvestres<\/h4>\n<p>Con salsa de crema y trufa negra.<\/p>\n<\/div><\/div><div class=\"w-separator size_medium\"><\/div><\/div><\/div><\/div><\/div><div class=\"g-cols wpb_row via_grid cols_2 laptops-cols_inherit tablets-cols_inherit mobiles-cols_1 valign_top type_default stacking_default\"><div class=\"wpb_column vc_column_container\"><div class=\"vc_column-inner\"><div class=\"w-vwrapper align_none valign_top\"><div class=\"wpb_text_column\"><div class=\"wpb_wrapper\"><h4>53- Tagliatelle \u201cLorenzo\u201d<\/h4>\n<p>Con pollo fresco, ajo, champi\u00f1ones, tomate, guindilla, ricotta y crema fresca.<\/p>\n<\/div><\/div><div class=\"w-separator size_medium\"><\/div><\/div><\/div><\/div><div class=\"wpb_column vc_column_container\"><div class=\"vc_column-inner\"><div class=\"w-vwrapper align_none valign_top\"><div class=\"wpb_text_column\"><div class=\"wpb_wrapper\"><h4>54- Maccheroni rigati al pesto<\/h4>\n<p>Con pesto fresco de albahaca.<\/p>\n<\/div><\/div><div class=\"w-separator size_medium\"><\/div><\/div><\/div><\/div><\/div><div class=\"g-cols wpb_row via_grid cols_2 laptops-cols_inherit tablets-cols_inherit mobiles-cols_1 valign_top type_default stacking_default\"><div class=\"wpb_column vc_column_container\"><div class=\"vc_column-inner\"><div class=\"w-vwrapper align_none valign_top\"><div class=\"wpb_text_column\"><div class=\"wpb_wrapper\"><h4>55- Maccheroni rigati alla Arrabiata<\/h4>\n<p>Con salsa de tomate picante.<\/p>\n<\/div><\/div><div class=\"w-separator size_medium\"><\/div><\/div><\/div><\/div><div class=\"wpb_column vc_column_container\"><div class=\"vc_column-inner\"><div class=\"w-vwrapper align_none valign_top\"><div class=\"wpb_text_column\"><div class=\"wpb_wrapper\"><h4>56- Maccheroni rigati Amatriciana<\/h4>\n<p>Con tomate, cebolleta, panceta y guindilla.<\/p>\n<\/div><\/div><div class=\"w-separator size_medium\"><\/div><\/div><\/div><\/div><\/div><div class=\"g-cols wpb_row via_grid cols_2 laptops-cols_inherit tablets-cols_inherit mobiles-cols_1 valign_top type_default stacking_default\"><div class=\"wpb_column vc_column_container\"><div class=\"vc_column-inner\"><div class=\"w-vwrapper align_none valign_top\"><div class=\"wpb_text_column\"><div class=\"wpb_wrapper\"><h4>57- Maccheroni rigati a los 4 quesos<\/h4>\n<p>Con Gorgonzola, Taleggio, Parmesano, Pecorino y crema.<\/p>\n<\/div><\/div><div class=\"w-separator size_medium\"><\/div><\/div><\/div><\/div><div class=\"wpb_column vc_column_container\"><div class=\"vc_column-inner\"><div class=\"w-vwrapper align_none valign_top\"><div class=\"wpb_text_column\"><div class=\"wpb_wrapper\"><h4>58- Ravioli verdes rellenos de ricotta y espinaca a los 4 quesos<\/h4>\n<p>Con Gorgonzola, Taleggio, Parmesano, Pecorino y crema.<\/p>\n<\/div><\/div><div class=\"w-separator size_medium\"><\/div><\/div><\/div><\/div><\/div><div class=\"g-cols wpb_row via_grid cols_2 laptops-cols_inherit tablets-cols_inherit mobiles-cols_1 valign_top type_default stacking_default\"><div class=\"wpb_column vc_column_container\"><div class=\"vc_column-inner\"><div class=\"w-vwrapper align_none valign_top\"><div class=\"wpb_text_column\"><div class=\"wpb_wrapper\"><h4>59- Ravioli verdes rellenos de ricotta y espinaca al pesto<\/h4>\n<p>Con pesto de albahaca y nueces.<\/p>\n<\/div><\/div><div class=\"w-separator size_medium\"><\/div><\/div><\/div><\/div><div class=\"wpb_column vc_column_container\"><div class=\"vc_column-inner\"><div class=\"w-vwrapper align_none valign_top\"><div class=\"wpb_text_column\"><div class=\"wpb_wrapper\"><h4>60- Ravioli verdes rellenos de ricotta y espinaca al pesto y burrata<\/h4>\n<p>Con pesto de albahaca y nueces y con burrata fresca.<\/p>\n<\/div><\/div><div class=\"w-separator size_medium\"><\/div><\/div><\/div><\/div><\/div><div class=\"g-cols wpb_row via_grid cols_2 laptops-cols_inherit tablets-cols_inherit mobiles-cols_1 valign_top type_default stacking_default\"><div class=\"wpb_column vc_column_container\"><div class=\"vc_column-inner\"><div class=\"w-vwrapper align_none valign_top\"><div class=\"wpb_text_column\"><div class=\"wpb_wrapper\"><h4>61- Ravioli rellenos de carne Black Angus<\/h4>\n<p>Con salsa de setas del bosque, nata y trufa negra.<\/p>\n<\/div><\/div><div class=\"w-separator size_medium\"><\/div><\/div><\/div><\/div><div class=\"wpb_column vc_column_container\"><div class=\"vc_column-inner\"><div class=\"w-vwrapper align_none valign_top\"><div class=\"wpb_text_column\"><div class=\"wpb_wrapper\"><h4>62- Ravioli rellenos de carne Black Angus<\/h4>\n<p>Con salsa napolitana, ricotta y albahaca.<\/p>\n<\/div><\/div><div class=\"w-separator size_medium\"><\/div><\/div><\/div><\/div><\/div><div class=\"g-cols wpb_row via_grid cols_2 laptops-cols_inherit tablets-cols_inherit mobiles-cols_1 valign_top type_default stacking_default\"><div class=\"wpb_column vc_column_container\"><div class=\"vc_column-inner\"><div class=\"w-vwrapper align_none valign_top\"><div class=\"wpb_text_column\"><div class=\"wpb_wrapper\"><h4>63- Lasa\u00f1a a la bolo\u00f1esa<\/h4>\n<p>Hecha con pasta casera y rag\u00fa de ternera.<\/p>\n<\/div><\/div><div class=\"w-separator size_medium\"><\/div><\/div><\/div><\/div><div class=\"wpb_column vc_column_container\"><div class=\"vc_column-inner\"><\/div><\/div><\/div><\/div><\/div><\/div><\/div><\/div><\/div><\/div><\/div><\/div><\/section><section class=\"l-section wpb_row height_medium\"><div class=\"l-section-h i-cf\"><div class=\"g-cols vc_row via_grid cols_1 laptops-cols_inherit tablets-cols_inherit mobiles-cols_1 valign_top type_default stacking_default\"><div class=\"wpb_column vc_column_container\"><div class=\"vc_column-inner\"><div class=\"w-btn-wrapper align_none\"><a class=\"w-btn us-btn-style_1\" href=\"\/es\/menu\/\"><span class=\"w-btn-label\">Volver al men\u00fa<\/span><\/a><\/div><div class=\"w-separator size_medium\"><\/div><\/div><\/div><\/div><\/div><\/section>\n","protected":false},"excerpt":{"rendered":"[vc_custom_heading text=\"MEN\u00da\" font_container=\"tag:div|text_align:left\" use_theme_fonts=\"yes\" css=\"%7B%22default%22%3A%7B%22text-align%22%3A%22center%22%2C%22font-size%22%3A%220.8rem%22%2C%22text-transform%22%3A%22uppercase%22%2C%22animation-name%22%3A%22fade%22%2C%22animation-delay%22%3A%220.5s%22%7D%7D\"][vc_custom_heading text=\"PASTA\" font_container=\"tag:h2|text_align:center\" use_theme_fonts=\"yes\" css=\"%7B%22default%22%3A%7B%22color%22%3A%22%23333333%22%2C%22animation-name%22%3A%22fade%22%2C%22animation-delay%22%3A%220.5s%22%7D%7D\"]dinner_diningPASTA45- Spaghetti a la bolo\u00f1esa Con rag\u00fa de carne. 46- Spaghetti alla Carbonara Cl\u00e1sica carbonara con guanciale. 47- Spaghetti alla napolitana Salteado con ajo, salsa napolitana. 48- Spaghetti frutti di mare Con mejillones, gambas, almejas, dorado, salsa de tomate y fum\u00e9 de pescado. 49- Spaghetti alle vongole...","protected":false},"author":1,"featured_media":0,"parent":0,"menu_order":0,"comment_status":"closed","ping_status":"closed","template":"","meta":{"footnotes":""},"class_list":["post-385","page","type-page","status-publish","hentry"],"yoast_head":"<!-- This site is optimized with the Yoast SEO Premium plugin v26.2 (Yoast SEO v26.2) - https:\/\/yoast.com\/wordpress\/plugins\/seo\/ -->\n<title>Men\u00fa | Restaurante de Cocina Mediterr\u00e1nea en Tenerife - Marietta - Gourmetland<\/title>\n<meta name=\"description\" content=\"\u00a1Conoce nuestro men\u00fa! El mejor restaurante de Cocina Mediterr\u00e1nea en Tenerife se llama Marietta. Ven a conocernos al CC The Duke Shops.\" \/>\n<meta name=\"robots\" content=\"index, follow, max-snippet:-1, max-image-preview:large, max-video-preview:-1\" \/>\n<link rel=\"canonical\" href=\"https:\/\/mariettarestaurante.com\/es\/pasta\/\" \/>\n<meta property=\"og:locale\" content=\"es_ES\" \/>\n<meta property=\"og:type\" content=\"article\" \/>\n<meta property=\"og:title\" content=\"Pasta\" \/>\n<meta property=\"og:description\" content=\"\u00a1Conoce nuestro men\u00fa! El mejor restaurante de Cocina Mediterr\u00e1nea en Tenerife se llama Marietta. Ven a conocernos al CC The Duke Shops.\" \/>\n<meta property=\"og:url\" content=\"https:\/\/mariettarestaurante.com\/es\/pasta\/\" \/>\n<meta property=\"og:site_name\" content=\"Marietta Mediterranean Cuisine\" \/>\n<meta property=\"article:modified_time\" content=\"2026-05-13T13:23:51+00:00\" \/>\n<meta name=\"twitter:card\" content=\"summary_large_image\" \/>\n<meta name=\"twitter:label1\" content=\"Tiempo de lectura\" \/>\n\t<meta name=\"twitter:data1\" content=\"3 minutos\" \/>\n<script type=\"application\/ld+json\" class=\"yoast-schema-graph\">{\"@context\":\"https:\/\/schema.org\",\"@graph\":[{\"@type\":\"WebPage\",\"@id\":\"https:\/\/mariettarestaurante.com\/es\/pasta\/\",\"url\":\"https:\/\/mariettarestaurante.com\/es\/pasta\/\",\"name\":\"Men\u00fa | Restaurante de Cocina Mediterr\u00e1nea en Tenerife - Marietta - Gourmetland\",\"isPartOf\":{\"@id\":\"https:\/\/mariettarestaurante.com\/#website\"},\"datePublished\":\"2023-04-11T10:39:15+00:00\",\"dateModified\":\"2026-05-13T13:23:51+00:00\",\"description\":\"\u00a1Conoce nuestro men\u00fa! El mejor restaurante de Cocina Mediterr\u00e1nea en Tenerife se llama Marietta. Ven a conocernos al CC The Duke Shops.\",\"breadcrumb\":{\"@id\":\"https:\/\/mariettarestaurante.com\/es\/pasta\/#breadcrumb\"},\"inLanguage\":\"es\",\"potentialAction\":[{\"@type\":\"ReadAction\",\"target\":[\"https:\/\/mariettarestaurante.com\/es\/pasta\/\"]}]},{\"@type\":\"BreadcrumbList\",\"@id\":\"https:\/\/mariettarestaurante.com\/es\/pasta\/#breadcrumb\",\"itemListElement\":[{\"@type\":\"ListItem\",\"position\":1,\"name\":\"Portada\",\"item\":\"https:\/\/mariettarestaurante.com\/es\/\"},{\"@type\":\"ListItem\",\"position\":2,\"name\":\"Pasta\"}]},{\"@type\":\"WebSite\",\"@id\":\"https:\/\/mariettarestaurante.com\/#website\",\"url\":\"https:\/\/mariettarestaurante.com\/\",\"name\":\"Marietta Mediterranean Cuisine\",\"description\":\"Restaurante en Tenerife Sur, ubicado en The Duke Shops, la mejor cocina mediterr\u00e1nea.\",\"publisher\":{\"@id\":\"https:\/\/mariettarestaurante.com\/#organization\"},\"potentialAction\":[{\"@type\":\"SearchAction\",\"target\":{\"@type\":\"EntryPoint\",\"urlTemplate\":\"https:\/\/mariettarestaurante.com\/?s={search_term_string}\"},\"query-input\":{\"@type\":\"PropertyValueSpecification\",\"valueRequired\":true,\"valueName\":\"search_term_string\"}}],\"inLanguage\":\"es\"},{\"@type\":[\"Organization\",\"Place\",\"Restaurant\"],\"@id\":\"https:\/\/mariettarestaurante.com\/#organization\",\"name\":\"Marietta Mediterranean Cuisine\",\"url\":\"https:\/\/mariettarestaurante.com\/\",\"logo\":{\"@id\":\"https:\/\/mariettarestaurante.com\/es\/pasta\/#local-main-organization-logo\"},\"image\":{\"@id\":\"https:\/\/mariettarestaurante.com\/es\/pasta\/#local-main-organization-logo\"},\"address\":{\"@id\":\"https:\/\/mariettarestaurante.com\/es\/pasta\/#local-main-place-address\"},\"geo\":{\"@type\":\"GeoCoordinates\",\"latitude\":\"28.092367513956116\",\"longitude\":\"-16.735694359452502\"},\"telephone\":[],\"contactPoint\":{\"@type\":\"ContactPoint\",\"telephone\":\"922 24 91 86\",\"email\":\"info@mariettarestaurante.com\"},\"openingHoursSpecification\":[{\"@type\":\"OpeningHoursSpecification\",\"dayOfWeek\":[\"Monday\",\"Tuesday\",\"Wednesday\",\"Thursday\",\"Friday\",\"Saturday\",\"Sunday\"],\"opens\":\"13:00\",\"closes\":\"23:00\"}],\"priceRange\":\"$$\",\"currenciesAccepted\":\"Euro\"},{\"@type\":\"PostalAddress\",\"@id\":\"https:\/\/mariettarestaurante.com\/es\/pasta\/#local-main-place-address\",\"streetAddress\":\"Av. de Bruselas, 14, 38679 Costa Adeje, Santa Cruz de Tenerife\",\"addressLocality\":\"Costa Adeje\",\"postalCode\":\"38679\",\"addressCountry\":\"ES\"},{\"@type\":\"ImageObject\",\"inLanguage\":\"es\",\"@id\":\"https:\/\/mariettarestaurante.com\/es\/pasta\/#local-main-organization-logo\",\"url\":\"https:\/\/mariettarestaurante.com\/wp-content\/uploads\/2023\/05\/marietta.png\",\"contentUrl\":\"https:\/\/mariettarestaurante.com\/wp-content\/uploads\/2023\/05\/marietta.png\",\"width\":350,\"height\":350,\"caption\":\"Marietta Mediterranean Cuisine\"}]}<\/script>\n<meta name=\"geo.placename\" content=\"Costa Adeje\" \/>\n<meta name=\"geo.position\" content=\"28.092367513956116;-16.735694359452502\" \/>\n<meta name=\"geo.region\" content=\"Espa\u00f1a\" \/>\n<!-- \/ Yoast SEO Premium plugin. -->","yoast_head_json":{"title":"Men\u00fa | Restaurante de Cocina Mediterr\u00e1nea en Tenerife - Marietta - Gourmetland","description":"\u00a1Conoce nuestro men\u00fa! El mejor restaurante de Cocina Mediterr\u00e1nea en Tenerife se llama Marietta. Ven a conocernos al CC The Duke Shops.","robots":{"index":"index","follow":"follow","max-snippet":"max-snippet:-1","max-image-preview":"max-image-preview:large","max-video-preview":"max-video-preview:-1"},"canonical":"https:\/\/mariettarestaurante.com\/es\/pasta\/","og_locale":"es_ES","og_type":"article","og_title":"Pasta","og_description":"\u00a1Conoce nuestro men\u00fa! El mejor restaurante de Cocina Mediterr\u00e1nea en Tenerife se llama Marietta. Ven a conocernos al CC The Duke Shops.","og_url":"https:\/\/mariettarestaurante.com\/es\/pasta\/","og_site_name":"Marietta Mediterranean Cuisine","article_modified_time":"2026-05-13T13:23:51+00:00","twitter_card":"summary_large_image","twitter_misc":{"Tiempo de lectura":"3 minutos"},"schema":{"@context":"https:\/\/schema.org","@graph":[{"@type":"WebPage","@id":"https:\/\/mariettarestaurante.com\/es\/pasta\/","url":"https:\/\/mariettarestaurante.com\/es\/pasta\/","name":"Men\u00fa | Restaurante de Cocina Mediterr\u00e1nea en Tenerife - Marietta - Gourmetland","isPartOf":{"@id":"https:\/\/mariettarestaurante.com\/#website"},"datePublished":"2023-04-11T10:39:15+00:00","dateModified":"2026-05-13T13:23:51+00:00","description":"\u00a1Conoce nuestro men\u00fa! El mejor restaurante de Cocina Mediterr\u00e1nea en Tenerife se llama Marietta. Ven a conocernos al CC The Duke Shops.","breadcrumb":{"@id":"https:\/\/mariettarestaurante.com\/es\/pasta\/#breadcrumb"},"inLanguage":"es","potentialAction":[{"@type":"ReadAction","target":["https:\/\/mariettarestaurante.com\/es\/pasta\/"]}]},{"@type":"BreadcrumbList","@id":"https:\/\/mariettarestaurante.com\/es\/pasta\/#breadcrumb","itemListElement":[{"@type":"ListItem","position":1,"name":"Portada","item":"https:\/\/mariettarestaurante.com\/es\/"},{"@type":"ListItem","position":2,"name":"Pasta"}]},{"@type":"WebSite","@id":"https:\/\/mariettarestaurante.com\/#website","url":"https:\/\/mariettarestaurante.com\/","name":"Marietta Mediterranean Cuisine","description":"Restaurante en Tenerife Sur, ubicado en The Duke Shops, la mejor cocina mediterr\u00e1nea.","publisher":{"@id":"https:\/\/mariettarestaurante.com\/#organization"},"potentialAction":[{"@type":"SearchAction","target":{"@type":"EntryPoint","urlTemplate":"https:\/\/mariettarestaurante.com\/?s={search_term_string}"},"query-input":{"@type":"PropertyValueSpecification","valueRequired":true,"valueName":"search_term_string"}}],"inLanguage":"es"},{"@type":["Organization","Place","Restaurant"],"@id":"https:\/\/mariettarestaurante.com\/#organization","name":"Marietta Mediterranean Cuisine","url":"https:\/\/mariettarestaurante.com\/","logo":{"@id":"https:\/\/mariettarestaurante.com\/es\/pasta\/#local-main-organization-logo"},"image":{"@id":"https:\/\/mariettarestaurante.com\/es\/pasta\/#local-main-organization-logo"},"address":{"@id":"https:\/\/mariettarestaurante.com\/es\/pasta\/#local-main-place-address"},"geo":{"@type":"GeoCoordinates","latitude":"28.092367513956116","longitude":"-16.735694359452502"},"telephone":[],"contactPoint":{"@type":"ContactPoint","telephone":"922 24 91 86","email":"info@mariettarestaurante.com"},"openingHoursSpecification":[{"@type":"OpeningHoursSpecification","dayOfWeek":["Monday","Tuesday","Wednesday","Thursday","Friday","Saturday","Sunday"],"opens":"13:00","closes":"23:00"}],"priceRange":"$$","currenciesAccepted":"Euro"},{"@type":"PostalAddress","@id":"https:\/\/mariettarestaurante.com\/es\/pasta\/#local-main-place-address","streetAddress":"Av. de Bruselas, 14, 38679 Costa Adeje, Santa Cruz de Tenerife","addressLocality":"Costa Adeje","postalCode":"38679","addressCountry":"ES"},{"@type":"ImageObject","inLanguage":"es","@id":"https:\/\/mariettarestaurante.com\/es\/pasta\/#local-main-organization-logo","url":"https:\/\/mariettarestaurante.com\/wp-content\/uploads\/2023\/05\/marietta.png","contentUrl":"https:\/\/mariettarestaurante.com\/wp-content\/uploads\/2023\/05\/marietta.png","width":350,"height":350,"caption":"Marietta Mediterranean Cuisine"}]},"geo.placename":"Costa Adeje","geo.position":{"lat":"28.092367513956116","long":"-16.735694359452502"},"geo.region":"Espa\u00f1a"},"_links":{"self":[{"href":"https:\/\/mariettarestaurante.com\/es\/wp-json\/wp\/v2\/pages\/385","targetHints":{"allow":["GET"]}}],"collection":[{"href":"https:\/\/mariettarestaurante.com\/es\/wp-json\/wp\/v2\/pages"}],"about":[{"href":"https:\/\/mariettarestaurante.com\/es\/wp-json\/wp\/v2\/types\/page"}],"author":[{"embeddable":true,"href":"https:\/\/mariettarestaurante.com\/es\/wp-json\/wp\/v2\/users\/1"}],"replies":[{"embeddable":true,"href":"https:\/\/mariettarestaurante.com\/es\/wp-json\/wp\/v2\/comments?post=385"}],"version-history":[{"count":16,"href":"https:\/\/mariettarestaurante.com\/es\/wp-json\/wp\/v2\/pages\/385\/revisions"}],"predecessor-version":[{"id":735,"href":"https:\/\/mariettarestaurante.com\/es\/wp-json\/wp\/v2\/pages\/385\/revisions\/735"}],"wp:attachment":[{"href":"https:\/\/mariettarestaurante.com\/es\/wp-json\/wp\/v2\/media?parent=385"}],"curies":[{"name":"wp","href":"https:\/\/api.w.org\/{rel}","templated":true}]}}