{"id":659,"date":"2024-11-04T17:25:10","date_gmt":"2024-11-04T17:25:10","guid":{"rendered":"https:\/\/mariettarestaurante.com\/?page_id=659"},"modified":"2026-05-13T13:27:50","modified_gmt":"2026-05-13T13:27:50","slug":"pizzas","status":"publish","type":"page","link":"https:\/\/mariettarestaurante.com\/es\/pizzas\/","title":{"rendered":"Pizzas"},"content":{"rendered":"<section class=\"l-section wpb_row us_custom_de67d1db height_medium width_full\"><div class=\"l-section-h i-cf\"><div class=\"g-cols vc_row via_grid cols_1 laptops-cols_inherit tablets-cols_inherit mobiles-cols_1 valign_top type_default stacking_default\"><div class=\"wpb_column vc_column_container\"><div class=\"vc_column-inner\">[vc_custom_heading text=\u00bbMEN\u00da\u00bb font_container=\u00bbtag:div|text_align:left\u00bb use_theme_fonts=\u00bbyes\u00bb css=\u00bb%7B%22default%22%3A%7B%22text-align%22%3A%22center%22%2C%22font-size%22%3A%220.8rem%22%2C%22text-transform%22%3A%22uppercase%22%2C%22animation-name%22%3A%22fade%22%2C%22animation-delay%22%3A%220.5s%22%7D%7D\u00bb][vc_custom_heading text=\u00bbPIZZAS\u00bb font_container=\u00bbtag:h2|text_align:center\u00bb use_theme_fonts=\u00bbyes\u00bb css=\u00bb%7B%22default%22%3A%7B%22color%22%3A%22%23333333%22%2C%22animation-name%22%3A%22fade%22%2C%22animation-delay%22%3A%220.5s%22%7D%7D\u00bb]<div class=\"w-image us_custom_f1a4f275 us_animate_this align_center\"><div class=\"w-image-h\"><img loading=\"lazy\" decoding=\"async\" width=\"116\" height=\"5\" src=\"https:\/\/mariettarestaurante.com\/wp-content\/uploads\/2022\/12\/separador.png\" class=\"attachment-full size-full\" alt=\"separador\" \/><\/div><\/div><\/div><\/div><\/div><\/div><\/section><section class=\"l-section wpb_row height_auto\"><div class=\"l-section-h i-cf\"><div class=\"g-cols vc_row via_grid cols_1 laptops-cols_inherit tablets-cols_inherit mobiles-cols_1 valign_top type_default stacking_default\"><div class=\"wpb_column vc_column_container\"><div class=\"vc_column-inner\"><div class=\"w-tabs style_default switch_click accordion has_scrolling\" style=\"--sections-title-size:inherit\"><div class=\"w-tabs-sections titles-align_none icon_chevron cpos_right\"><div class=\"w-tabs-section\" id=\"y1c7\"><button class=\"w-tabs-section-header with_icon\" aria-controls=\"content-y1c7\" aria-expanded=\"false\"><i class=\"fas fa-pizza\"><\/i><div class=\"w-tabs-section-title\">PIZZAS<\/div><div class=\"w-tabs-section-control\"><\/div><\/button><div  class=\"w-tabs-section-content\" id=\"content-y1c7\"><div class=\"w-tabs-section-content-h i-cf\"><div class=\"g-cols wpb_row via_grid cols_2 laptops-cols_inherit tablets-cols_inherit mobiles-cols_1 valign_top type_default stacking_default\"><div class=\"wpb_column vc_column_container\"><div class=\"vc_column-inner\"><div class=\"w-vwrapper align_none valign_top\"><div class=\"wpb_text_column\"><div class=\"wpb_wrapper\"><h4>105-Margherita<\/h4>\n<p>tomate, mozzarella.<\/p>\n<\/div><\/div><div class=\"w-separator size_medium\"><\/div><\/div><\/div><\/div><div class=\"wpb_column vc_column_container\"><div class=\"vc_column-inner\"><div class=\"w-vwrapper align_none valign_top\"><div class=\"wpb_text_column\"><div class=\"wpb_wrapper\"><h4>106-Margherita de Burrata<\/h4>\n<p>tomate, mozzarella, burrata y tomate confitado.<\/p>\n<\/div><\/div><div class=\"w-separator size_medium\"><\/div><\/div><\/div><\/div><\/div><div class=\"g-cols wpb_row via_grid cols_2 laptops-cols_inherit tablets-cols_inherit mobiles-cols_1 valign_top type_default stacking_default\"><div class=\"wpb_column vc_column_container\"><div class=\"vc_column-inner\"><div class=\"w-vwrapper align_none valign_top\"><div class=\"wpb_text_column\"><div class=\"wpb_wrapper\"><h4>107 &#8211; Prosciutto<\/h4>\n<p>tomate, mozzarella, jam\u00f3n cocido.<\/p>\n<\/div><\/div><div class=\"w-separator size_medium\"><\/div><\/div><\/div><\/div><div class=\"wpb_column vc_column_container\"><div class=\"vc_column-inner\"><div class=\"w-vwrapper align_none valign_top\"><div class=\"wpb_text_column\"><div class=\"wpb_wrapper\"><h4>108 &#8211; Regina<\/h4>\n<p>tomate, mozzarella, jam\u00f3n cocido, champi\u00f1ones frescos.<\/p>\n<\/div><\/div><div class=\"w-separator size_medium\"><\/div><\/div><\/div><\/div><\/div><div class=\"g-cols wpb_row via_grid cols_2 laptops-cols_inherit tablets-cols_inherit mobiles-cols_1 valign_top type_default stacking_default\"><div class=\"wpb_column vc_column_container\"><div class=\"vc_column-inner\"><div class=\"w-vwrapper align_none valign_top\"><div class=\"wpb_text_column\"><div class=\"wpb_wrapper\"><h4>109 &#8211; Diavola<\/h4>\n<p>tomate, mozzarella, chorizo picante.<\/p>\n<\/div><\/div><div class=\"w-separator size_medium\"><\/div><\/div><\/div><\/div><div class=\"wpb_column vc_column_container\"><div class=\"vc_column-inner\"><div class=\"w-vwrapper align_none valign_top\"><div class=\"wpb_text_column\"><div class=\"wpb_wrapper\"><h4>110 &#8211; Hawaii<\/h4>\n<p>tomate, mozzarella, jam\u00f3n cocido, pi\u00f1a.<\/p>\n<\/div><\/div><div class=\"w-separator size_medium\"><\/div><\/div><\/div><\/div><\/div><div class=\"g-cols wpb_row via_grid cols_2 laptops-cols_inherit tablets-cols_inherit mobiles-cols_1 valign_top type_default stacking_default\"><div class=\"wpb_column vc_column_container\"><div class=\"vc_column-inner\"><div class=\"w-vwrapper align_none valign_top\"><div class=\"wpb_text_column\"><div class=\"wpb_wrapper\"><h4>111 &#8211; Vegetariana<\/h4>\n<p>tomate, mozzarella, verduras mixtas de temporada.<\/p>\n<\/div><\/div><div class=\"w-separator size_medium\"><\/div><\/div><\/div><\/div><div class=\"wpb_column vc_column_container\"><div class=\"vc_column-inner\"><div class=\"w-vwrapper align_none valign_top\"><div class=\"wpb_text_column\"><div class=\"wpb_wrapper\"><h4>112 &#8211; Pacino&#8217;s<\/h4>\n<p>tomate, mozzarella, at\u00fan, cebolla, huevo cocido.<\/p>\n<\/div><\/div><div class=\"w-separator size_medium\"><\/div><\/div><\/div><\/div><\/div><div class=\"g-cols wpb_row via_grid cols_2 laptops-cols_inherit tablets-cols_inherit mobiles-cols_1 valign_top type_default stacking_default\"><div class=\"wpb_column vc_column_container\"><div class=\"vc_column-inner\"><div class=\"w-vwrapper align_none valign_top\"><div class=\"wpb_text_column\"><div class=\"wpb_wrapper\"><h4>113 &#8211; Cerdita<\/h4>\n<p>tomate, mozzarella, beicon, salchicha, chorizo picante.<\/p>\n<\/div><\/div><div class=\"w-separator size_medium\"><\/div><\/div><\/div><\/div><div class=\"wpb_column vc_column_container\"><div class=\"vc_column-inner\"><\/div><\/div><\/div><\/div><\/div><\/div><div class=\"w-tabs-section\" id=\"ec51\"><button class=\"w-tabs-section-header with_icon\" aria-controls=\"content-ec51\" aria-expanded=\"false\"><i class=\"fas fa-pizza-slice\"><\/i><div class=\"w-tabs-section-title\">PIZZAS BLANCAS<\/div><div class=\"w-tabs-section-control\"><\/div><\/button><div  class=\"w-tabs-section-content\" id=\"content-ec51\"><div class=\"w-tabs-section-content-h i-cf\"><div class=\"g-cols wpb_row via_grid cols_2 laptops-cols_inherit tablets-cols_inherit mobiles-cols_1 valign_top type_default stacking_default\"><div class=\"wpb_column vc_column_container\"><div class=\"vc_column-inner\"><div class=\"w-vwrapper align_none valign_top\"><div class=\"wpb_text_column\"><div class=\"wpb_wrapper\"><h4>114 &#8211; Porchetta<\/h4>\n<p>mozzarella, beicon, salchicha.<\/p>\n<\/div><\/div><div class=\"w-separator size_medium\"><\/div><\/div><\/div><\/div><div class=\"wpb_column vc_column_container\"><div class=\"vc_column-inner\"><div class=\"w-vwrapper align_none valign_top\"><div class=\"wpb_text_column\"><div class=\"wpb_wrapper\"><h4>115 &#8211; Barbacoa con Pollo<\/h4>\n<p>mozzarella, pollo, salsa barbacoa, cebolla caramelizada.<\/p>\n<\/div><\/div><div class=\"w-separator size_medium\"><\/div><\/div><\/div><\/div><\/div><div class=\"g-cols wpb_row via_grid cols_2 laptops-cols_inherit tablets-cols_inherit mobiles-cols_1 valign_top type_default stacking_default\"><div class=\"wpb_column vc_column_container\"><div class=\"vc_column-inner\"><div class=\"w-vwrapper align_none valign_top\"><div class=\"wpb_text_column\"><div class=\"wpb_wrapper\"><h4>116 &#8211; Marietta<\/h4>\n<p>mozzarella, burrata, mortadella, pesto.<\/p>\n<\/div><\/div><div class=\"w-separator size_medium\"><\/div><\/div><\/div><\/div><div class=\"wpb_column vc_column_container\"><div class=\"vc_column-inner\"><\/div><\/div><\/div><\/div><\/div><\/div><\/div><\/div><\/div><\/div><\/div><\/div><\/section><section class=\"l-section wpb_row height_medium\"><div class=\"l-section-h i-cf\"><div class=\"g-cols vc_row via_grid cols_1 laptops-cols_inherit tablets-cols_inherit mobiles-cols_1 valign_top type_default stacking_default\"><div class=\"wpb_column vc_column_container\"><div class=\"vc_column-inner\"><div class=\"w-btn-wrapper align_none\"><a class=\"w-btn us-btn-style_1\" href=\"\/es\/menu\/\"><span class=\"w-btn-label\">Volver al men\u00fa<\/span><\/a><\/div><div class=\"w-separator size_medium\"><\/div><\/div><\/div><\/div><\/div><\/section>\n","protected":false},"excerpt":{"rendered":"[vc_custom_heading text=\"MEN\u00da\" font_container=\"tag:div|text_align:left\" use_theme_fonts=\"yes\" css=\"%7B%22default%22%3A%7B%22text-align%22%3A%22center%22%2C%22font-size%22%3A%220.8rem%22%2C%22text-transform%22%3A%22uppercase%22%2C%22animation-name%22%3A%22fade%22%2C%22animation-delay%22%3A%220.5s%22%7D%7D\"][vc_custom_heading text=\"PIZZAS\" font_container=\"tag:h2|text_align:center\" use_theme_fonts=\"yes\" css=\"%7B%22default%22%3A%7B%22color%22%3A%22%23333333%22%2C%22animation-name%22%3A%22fade%22%2C%22animation-delay%22%3A%220.5s%22%7D%7D\"]PIZZAS105-Margherita tomate, mozzarella. 106-Margherita de Burrata tomate, mozzarella, burrata y tomate confitado. 107 &#8211; Prosciutto tomate, mozzarella, jam\u00f3n cocido. 108 &#8211; Regina tomate, mozzarella, jam\u00f3n cocido, champi\u00f1ones frescos. 109 &#8211; Diavola tomate, mozzarella, chorizo picante. 110 &#8211; Hawaii tomate, mozzarella, jam\u00f3n cocido, pi\u00f1a. 111 &#8211; Vegetariana tomate,...","protected":false},"author":2,"featured_media":0,"parent":0,"menu_order":0,"comment_status":"closed","ping_status":"closed","template":"","meta":{"footnotes":""},"class_list":["post-659","page","type-page","status-publish","hentry"],"yoast_head":"<!-- This site is optimized with the Yoast SEO Premium plugin v26.2 (Yoast SEO v26.2) - https:\/\/yoast.com\/wordpress\/plugins\/seo\/ -->\n<title>Pizzas - Marietta Mediterranean Cuisine<\/title>\n<meta name=\"robots\" content=\"index, follow, max-snippet:-1, max-image-preview:large, max-video-preview:-1\" \/>\n<link rel=\"canonical\" href=\"https:\/\/mariettarestaurante.com\/es\/pizzas\/\" \/>\n<meta property=\"og:locale\" content=\"es_ES\" \/>\n<meta property=\"og:type\" content=\"article\" \/>\n<meta property=\"og:title\" content=\"Pizzas\" \/>\n<meta property=\"og:url\" content=\"https:\/\/mariettarestaurante.com\/es\/pizzas\/\" \/>\n<meta property=\"og:site_name\" content=\"Marietta Mediterranean Cuisine\" \/>\n<meta property=\"article:modified_time\" content=\"2026-05-13T13:27:50+00:00\" \/>\n<meta name=\"twitter:card\" content=\"summary_large_image\" \/>\n<meta name=\"twitter:label1\" content=\"Tiempo de lectura\" \/>\n\t<meta name=\"twitter:data1\" content=\"1 minuto\" \/>\n<script type=\"application\/ld+json\" class=\"yoast-schema-graph\">{\"@context\":\"https:\/\/schema.org\",\"@graph\":[{\"@type\":\"WebPage\",\"@id\":\"https:\/\/mariettarestaurante.com\/es\/pizzas\/\",\"url\":\"https:\/\/mariettarestaurante.com\/es\/pizzas\/\",\"name\":\"Pizzas - Marietta Mediterranean Cuisine\",\"isPartOf\":{\"@id\":\"https:\/\/mariettarestaurante.com\/#website\"},\"datePublished\":\"2024-11-04T17:25:10+00:00\",\"dateModified\":\"2026-05-13T13:27:50+00:00\",\"breadcrumb\":{\"@id\":\"https:\/\/mariettarestaurante.com\/es\/pizzas\/#breadcrumb\"},\"inLanguage\":\"es\",\"potentialAction\":[{\"@type\":\"ReadAction\",\"target\":[\"https:\/\/mariettarestaurante.com\/es\/pizzas\/\"]}]},{\"@type\":\"BreadcrumbList\",\"@id\":\"https:\/\/mariettarestaurante.com\/es\/pizzas\/#breadcrumb\",\"itemListElement\":[{\"@type\":\"ListItem\",\"position\":1,\"name\":\"Portada\",\"item\":\"https:\/\/mariettarestaurante.com\/es\/\"},{\"@type\":\"ListItem\",\"position\":2,\"name\":\"Pizzas\"}]},{\"@type\":\"WebSite\",\"@id\":\"https:\/\/mariettarestaurante.com\/#website\",\"url\":\"https:\/\/mariettarestaurante.com\/\",\"name\":\"Marietta Mediterranean Cuisine\",\"description\":\"Restaurante en Tenerife Sur, ubicado en The Duke Shops, la mejor cocina mediterr\u00e1nea.\",\"publisher\":{\"@id\":\"https:\/\/mariettarestaurante.com\/#organization\"},\"potentialAction\":[{\"@type\":\"SearchAction\",\"target\":{\"@type\":\"EntryPoint\",\"urlTemplate\":\"https:\/\/mariettarestaurante.com\/?s={search_term_string}\"},\"query-input\":{\"@type\":\"PropertyValueSpecification\",\"valueRequired\":true,\"valueName\":\"search_term_string\"}}],\"inLanguage\":\"es\"},{\"@type\":[\"Organization\",\"Place\",\"Restaurant\"],\"@id\":\"https:\/\/mariettarestaurante.com\/#organization\",\"name\":\"Marietta Mediterranean Cuisine\",\"url\":\"https:\/\/mariettarestaurante.com\/\",\"logo\":{\"@id\":\"https:\/\/mariettarestaurante.com\/es\/pizzas\/#local-main-organization-logo\"},\"image\":{\"@id\":\"https:\/\/mariettarestaurante.com\/es\/pizzas\/#local-main-organization-logo\"},\"address\":{\"@id\":\"https:\/\/mariettarestaurante.com\/es\/pizzas\/#local-main-place-address\"},\"geo\":{\"@type\":\"GeoCoordinates\",\"latitude\":\"28.092367513956116\",\"longitude\":\"-16.735694359452502\"},\"telephone\":[],\"contactPoint\":{\"@type\":\"ContactPoint\",\"telephone\":\"922 24 91 86\",\"email\":\"info@mariettarestaurante.com\"},\"openingHoursSpecification\":[{\"@type\":\"OpeningHoursSpecification\",\"dayOfWeek\":[\"Monday\",\"Tuesday\",\"Wednesday\",\"Thursday\",\"Friday\",\"Saturday\",\"Sunday\"],\"opens\":\"13:00\",\"closes\":\"23:00\"}],\"priceRange\":\"$$\",\"currenciesAccepted\":\"Euro\"},{\"@type\":\"PostalAddress\",\"@id\":\"https:\/\/mariettarestaurante.com\/es\/pizzas\/#local-main-place-address\",\"streetAddress\":\"Av. de Bruselas, 14, 38679 Costa Adeje, Santa Cruz de Tenerife\",\"addressLocality\":\"Costa Adeje\",\"postalCode\":\"38679\",\"addressCountry\":\"ES\"},{\"@type\":\"ImageObject\",\"inLanguage\":\"es\",\"@id\":\"https:\/\/mariettarestaurante.com\/es\/pizzas\/#local-main-organization-logo\",\"url\":\"https:\/\/mariettarestaurante.com\/wp-content\/uploads\/2023\/05\/marietta.png\",\"contentUrl\":\"https:\/\/mariettarestaurante.com\/wp-content\/uploads\/2023\/05\/marietta.png\",\"width\":350,\"height\":350,\"caption\":\"Marietta Mediterranean Cuisine\"}]}<\/script>\n<meta name=\"geo.placename\" content=\"Costa Adeje\" \/>\n<meta name=\"geo.position\" content=\"28.092367513956116;-16.735694359452502\" \/>\n<meta name=\"geo.region\" content=\"Espa\u00f1a\" \/>\n<!-- \/ Yoast SEO Premium plugin. -->","yoast_head_json":{"title":"Pizzas - Marietta Mediterranean Cuisine","robots":{"index":"index","follow":"follow","max-snippet":"max-snippet:-1","max-image-preview":"max-image-preview:large","max-video-preview":"max-video-preview:-1"},"canonical":"https:\/\/mariettarestaurante.com\/es\/pizzas\/","og_locale":"es_ES","og_type":"article","og_title":"Pizzas","og_url":"https:\/\/mariettarestaurante.com\/es\/pizzas\/","og_site_name":"Marietta Mediterranean Cuisine","article_modified_time":"2026-05-13T13:27:50+00:00","twitter_card":"summary_large_image","twitter_misc":{"Tiempo de lectura":"1 minuto"},"schema":{"@context":"https:\/\/schema.org","@graph":[{"@type":"WebPage","@id":"https:\/\/mariettarestaurante.com\/es\/pizzas\/","url":"https:\/\/mariettarestaurante.com\/es\/pizzas\/","name":"Pizzas - Marietta Mediterranean Cuisine","isPartOf":{"@id":"https:\/\/mariettarestaurante.com\/#website"},"datePublished":"2024-11-04T17:25:10+00:00","dateModified":"2026-05-13T13:27:50+00:00","breadcrumb":{"@id":"https:\/\/mariettarestaurante.com\/es\/pizzas\/#breadcrumb"},"inLanguage":"es","potentialAction":[{"@type":"ReadAction","target":["https:\/\/mariettarestaurante.com\/es\/pizzas\/"]}]},{"@type":"BreadcrumbList","@id":"https:\/\/mariettarestaurante.com\/es\/pizzas\/#breadcrumb","itemListElement":[{"@type":"ListItem","position":1,"name":"Portada","item":"https:\/\/mariettarestaurante.com\/es\/"},{"@type":"ListItem","position":2,"name":"Pizzas"}]},{"@type":"WebSite","@id":"https:\/\/mariettarestaurante.com\/#website","url":"https:\/\/mariettarestaurante.com\/","name":"Marietta Mediterranean Cuisine","description":"Restaurante en Tenerife Sur, ubicado en The Duke Shops, la mejor cocina mediterr\u00e1nea.","publisher":{"@id":"https:\/\/mariettarestaurante.com\/#organization"},"potentialAction":[{"@type":"SearchAction","target":{"@type":"EntryPoint","urlTemplate":"https:\/\/mariettarestaurante.com\/?s={search_term_string}"},"query-input":{"@type":"PropertyValueSpecification","valueRequired":true,"valueName":"search_term_string"}}],"inLanguage":"es"},{"@type":["Organization","Place","Restaurant"],"@id":"https:\/\/mariettarestaurante.com\/#organization","name":"Marietta Mediterranean Cuisine","url":"https:\/\/mariettarestaurante.com\/","logo":{"@id":"https:\/\/mariettarestaurante.com\/es\/pizzas\/#local-main-organization-logo"},"image":{"@id":"https:\/\/mariettarestaurante.com\/es\/pizzas\/#local-main-organization-logo"},"address":{"@id":"https:\/\/mariettarestaurante.com\/es\/pizzas\/#local-main-place-address"},"geo":{"@type":"GeoCoordinates","latitude":"28.092367513956116","longitude":"-16.735694359452502"},"telephone":[],"contactPoint":{"@type":"ContactPoint","telephone":"922 24 91 86","email":"info@mariettarestaurante.com"},"openingHoursSpecification":[{"@type":"OpeningHoursSpecification","dayOfWeek":["Monday","Tuesday","Wednesday","Thursday","Friday","Saturday","Sunday"],"opens":"13:00","closes":"23:00"}],"priceRange":"$$","currenciesAccepted":"Euro"},{"@type":"PostalAddress","@id":"https:\/\/mariettarestaurante.com\/es\/pizzas\/#local-main-place-address","streetAddress":"Av. de Bruselas, 14, 38679 Costa Adeje, Santa Cruz de Tenerife","addressLocality":"Costa Adeje","postalCode":"38679","addressCountry":"ES"},{"@type":"ImageObject","inLanguage":"es","@id":"https:\/\/mariettarestaurante.com\/es\/pizzas\/#local-main-organization-logo","url":"https:\/\/mariettarestaurante.com\/wp-content\/uploads\/2023\/05\/marietta.png","contentUrl":"https:\/\/mariettarestaurante.com\/wp-content\/uploads\/2023\/05\/marietta.png","width":350,"height":350,"caption":"Marietta Mediterranean Cuisine"}]},"geo.placename":"Costa Adeje","geo.position":{"lat":"28.092367513956116","long":"-16.735694359452502"},"geo.region":"Espa\u00f1a"},"_links":{"self":[{"href":"https:\/\/mariettarestaurante.com\/es\/wp-json\/wp\/v2\/pages\/659","targetHints":{"allow":["GET"]}}],"collection":[{"href":"https:\/\/mariettarestaurante.com\/es\/wp-json\/wp\/v2\/pages"}],"about":[{"href":"https:\/\/mariettarestaurante.com\/es\/wp-json\/wp\/v2\/types\/page"}],"author":[{"embeddable":true,"href":"https:\/\/mariettarestaurante.com\/es\/wp-json\/wp\/v2\/users\/2"}],"replies":[{"embeddable":true,"href":"https:\/\/mariettarestaurante.com\/es\/wp-json\/wp\/v2\/comments?post=659"}],"version-history":[{"count":2,"href":"https:\/\/mariettarestaurante.com\/es\/wp-json\/wp\/v2\/pages\/659\/revisions"}],"predecessor-version":[{"id":737,"href":"https:\/\/mariettarestaurante.com\/es\/wp-json\/wp\/v2\/pages\/659\/revisions\/737"}],"wp:attachment":[{"href":"https:\/\/mariettarestaurante.com\/es\/wp-json\/wp\/v2\/media?parent=659"}],"curies":[{"name":"wp","href":"https:\/\/api.w.org\/{rel}","templated":true}]}}